{"id":1873,"date":"2023-05-17T16:43:43","date_gmt":"2023-05-17T15:43:43","guid":{"rendered":"http:\/\/brannon.eu\/impressum\/"},"modified":"2026-05-05T10:24:47","modified_gmt":"2026-05-05T09:24:47","slug":"impressum","status":"publish","type":"page","link":"https:\/\/brannon.eu\/de\/impressum\/","title":{"rendered":"Impressum"},"content":{"rendered":"\t\t<div data-elementor-type=\"wp-page\" data-elementor-id=\"1873\" class=\"elementor elementor-1873\">\n\t\t\t\t\t\t<section data-uael-partstyle=\"default\" data-uael-partcolor data-uael-partopacity=\"1\" data-uael-partdirection=\"bottom\" data-uael-partnum=\"55\" data-uael-partsize=\"3\" data-uael-partspeed data-uael-interactive=\"no\" class=\"elementor-section elementor-top-section elementor-element elementor-element-09bd5ad elementor-section-height-min-height uael-particle-yes uael-particle-adv-yes elementor-section-full_width elementor-section-height-default elementor-section-items-middle\" data-id=\"09bd5ad\" data-element_type=\"section\" data-e-type=\"section\" data-settings=\"{&quot;background_background&quot;:&quot;gradient&quot;,&quot;shape_divider_bottom&quot;:&quot;waves&quot;}\">\n\t\t\t\t\t\t\t<div class=\"elementor-background-overlay\"><\/div>\n\t\t\t\t\t\t<div class=\"elementor-shape elementor-shape-bottom\" aria-hidden=\"true\" data-negative=\"false\">\n\t\t\t<svg viewBox=\"0 0 1000 100\" preserveAspectRatio=\"none\">\n\t<path class=\"elementor-shape-fill\" d=\"M421.9,6.5c22.6-2.5,51.5,0.4,75.5,5.3c23.6,4.9,70.9,23.5,100.5,35.7c75.8,32.2,133.7,44.5,192.6,49.7\n\tc23.6,2.1,48.7,3.5,103.4-2.5c54.7-6,106.2-25.6,106.2-25.6V0H0v30.3c0,0,72,32.6,158.4,30.5c39.2-0.7,92.8-6.7,134-22.4\n\tc21.2-8.1,52.2-18.2,79.7-24.2C399.3,7.9,411.6,7.5,421.9,6.5z\" \/>\n<\/svg>\t\t<\/div>\n\t\t\t\t\t<div class=\"elementor-container elementor-column-gap-no\">\n\t\t\t\t\t<div class=\"elementor-column elementor-col-100 elementor-top-column elementor-element elementor-element-92de980\" data-id=\"92de980\" data-element_type=\"column\" data-e-type=\"column\">\n\t\t\t<div class=\"elementor-widget-wrap elementor-element-populated\">\n\t\t\t\t\t\t<div class=\"elementor-element elementor-element-77d0f1d animated-slow elementor-invisible elementor-widget elementor-widget-heading\" data-id=\"77d0f1d\" data-element_type=\"widget\" data-e-type=\"widget\" data-settings=\"{&quot;_animation&quot;:&quot;zoomIn&quot;}\" data-widget_type=\"heading.default\">\n\t\t\t\t<div class=\"elementor-widget-container\">\n\t\t\t\t\t<h2 class=\"elementor-heading-title elementor-size-default\">Impressum<\/h2>\t\t\t\t<\/div>\n\t\t\t\t<\/div>\n\t\t\t\t\t<\/div>\n\t\t<\/div>\n\t\t\t\t\t<\/div>\n\t\t<\/section>\n\t\t\t\t<section class=\"elementor-section elementor-top-section elementor-element elementor-element-1e01c96 elementor-section-boxed elementor-section-height-default elementor-section-height-default\" data-id=\"1e01c96\" data-element_type=\"section\" data-e-type=\"section\">\n\t\t\t\t\t\t<div class=\"elementor-container elementor-column-gap-default\">\n\t\t\t\t\t<div class=\"elementor-column elementor-col-33 elementor-top-column elementor-element elementor-element-e95a9d2\" data-id=\"e95a9d2\" data-element_type=\"column\" data-e-type=\"column\">\n\t\t\t<div class=\"elementor-widget-wrap elementor-element-populated\">\n\t\t\t\t\t\t<div class=\"elementor-element elementor-element-3ad33fe elementor-widget elementor-widget-text-editor\" data-id=\"3ad33fe\" data-element_type=\"widget\" data-e-type=\"widget\" data-widget_type=\"text-editor.default\">\n\t\t\t\t<div class=\"elementor-widget-container\">\n\t\t\t\t\t\t\t\t\t<p><strong>Verant\u00adwortlich f\u00fcr den Inhalt:<\/strong><\/p><p>Brannon Ltd.<br>Kontakt: <a href=\"mailto:hello@brannon.eu\">hello@brannon.eu<\/a><\/p>\t\t\t\t\t\t\t\t<\/div>\n\t\t\t\t<\/div>\n\t\t\t\t\t<\/div>\n\t\t<\/div>\n\t\t\t\t<div class=\"elementor-column elementor-col-33 elementor-top-column elementor-element elementor-element-2344358\" data-id=\"2344358\" data-element_type=\"column\" data-e-type=\"column\">\n\t\t\t<div class=\"elementor-widget-wrap elementor-element-populated\">\n\t\t\t\t\t\t<div class=\"elementor-element elementor-element-4a97566 elementor-widget elementor-widget-text-editor\" data-id=\"4a97566\" data-element_type=\"widget\" data-e-type=\"widget\" data-widget_type=\"text-editor.default\">\n\t\t\t\t<div class=\"elementor-widget-container\">\n\t\t\t\t\t\t\t\t\t<p><strong>Anschrift<\/strong><br>Bank House, Judes Road,<br>Egham TW20 0DF, UK<\/p>\t\t\t\t\t\t\t\t<\/div>\n\t\t\t\t<\/div>\n\t\t\t\t\t<\/div>\n\t\t<\/div>\n\t\t\t\t<div class=\"elementor-column elementor-col-33 elementor-top-column elementor-element elementor-element-21a779b\" data-id=\"21a779b\" data-element_type=\"column\" data-e-type=\"column\">\n\t\t\t<div class=\"elementor-widget-wrap elementor-element-populated\">\n\t\t\t\t\t\t<div class=\"elementor-element elementor-element-d62d468 elementor-widget elementor-widget-text-editor\" data-id=\"d62d468\" data-element_type=\"widget\" data-e-type=\"widget\" data-widget_type=\"text-editor.default\">\n\t\t\t\t<div class=\"elementor-widget-container\">\n\t\t\t\t\t\t\t\t\t<p><strong>Rechtliches<\/strong><br>Inhaber: Brannon Ltd.<br>HR Nummer:  15828489<br>Steuer\u00adnummer: (UTR) 22538 12367<\/p>\n\t\t\t\t\t\t\t\t<\/div>\n\t\t\t\t<\/div>\n\t\t\t\t\t<\/div>\n\t\t<\/div>\n\t\t\t\t\t<\/div>\n\t\t<\/section>\n\t\t\t\t<section class=\"elementor-section elementor-top-section elementor-element elementor-element-72d80e3 elementor-section-boxed elementor-section-height-default elementor-section-height-default\" data-id=\"72d80e3\" data-element_type=\"section\" data-e-type=\"section\">\n\t\t\t\t\t\t<div class=\"elementor-container elementor-column-gap-default\">\n\t\t\t\t\t<div class=\"elementor-column elementor-col-100 elementor-top-column elementor-element elementor-element-7a82a00\" data-id=\"7a82a00\" data-element_type=\"column\" data-e-type=\"column\">\n\t\t\t<div class=\"elementor-widget-wrap elementor-element-populated\">\n\t\t\t\t\t\t<div class=\"elementor-element elementor-element-f8e2af0 elementor-widget elementor-widget-text-editor\" data-id=\"f8e2af0\" data-element_type=\"widget\" data-e-type=\"widget\" data-widget_type=\"text-editor.default\">\n\t\t\t\t<div class=\"elementor-widget-container\">\n\t\t\t\t\t\t\t\t\t<p>Brannon Ltd. ist eine in Gro\u00dfbri\u00adtannien registrierte Kapitalge\u00adsellschaft.<br>Firmen\u00adreg\u00adistrierungsnummer: 15828489 \u2013 Einzi\u00adgartige Steuerzahler\u00adref\u00aderenz (UTR) 22538 12367<br>Registri\u00aderter Firmen- und Gesch\u00e4ftssitz von Brannon Ltd.: Bank House, Judes Road, Egham TW20 0DF, UK<\/p>\t\t\t\t\t\t\t\t<\/div>\n\t\t\t\t<\/div>\n\t\t\t\t\t<\/div>\n\t\t<\/div>\n\t\t\t\t\t<\/div>\n\t\t<\/section>\n\t\t\t\t<section class=\"elementor-section elementor-top-section elementor-element elementor-element-e0cc23f elementor-section-boxed elementor-section-height-default elementor-section-height-default\" data-id=\"e0cc23f\" data-element_type=\"section\" data-e-type=\"section\">\n\t\t\t\t\t\t<div class=\"elementor-container elementor-column-gap-default\">\n\t\t\t\t\t<div class=\"elementor-column elementor-col-100 elementor-top-column elementor-element elementor-element-ab73790\" data-id=\"ab73790\" data-element_type=\"column\" data-e-type=\"column\">\n\t\t\t<div class=\"elementor-widget-wrap elementor-element-populated\">\n\t\t\t\t\t\t<div class=\"elementor-element elementor-element-c96e869 elementor-widget elementor-widget-text-editor\" data-id=\"c96e869\" data-element_type=\"widget\" data-e-type=\"widget\" data-widget_type=\"text-editor.default\">\n\t\t\t\t<div class=\"elementor-widget-container\">\n\t\t\t\t\t\t\t\t\t<div data-id=\"3bc2d3b\" data-element_type=\"widget\" data-widget_type=\"heading.default\"><div align=\"left\"><h4>Haftung f\u00fcr Inhalte<\/h4><p>Als Dienstean\u00adbieter sind wir gem\u00e4\u00df britischem Recht f\u00fcr unsere eigenen Inhalte auf diesen Seiten verant\u00adwortlich. Es besteht keine Verpflichtung, \u00fcbermit\u00adtelte oder gespe\u00adicherte Infor\u00adma\u00adtionen Dritter zu \u00fcberwachen oder nach Umst\u00e4nden zu forschen, die auf eine rechtswidrige T\u00e4tigkeit hinweisen. Verpflich\u00adtungen zur Entfernung oder Sperrung der Nutzung von Infor\u00adma\u00adtionen nach den allge\u00admeinen Gesetzen bleiben hiervon unber\u00fchrt. Eine diesbez\u00fcgliche Haftung ist jedoch erst ab dem Zeitpunkt der Kenntnis einer konkreten Rechtsver\u00adletzung m\u00f6glich. Bei Bekan\u00adntwerden von entsprechenden Rechtsver\u00adlet\u00adzungen werden wir diese Inhalte umgehend entfernen.<\/p><h4>Haftung f\u00fcr Links<\/h4><p>Unser Angebot enth\u00e4lt Links zu externen Websites Dritter, auf deren Inhalte wir keinen Einfluss haben. Deshalb k\u00f6nnen wir f\u00fcr diese fremden Inhalte auch keine Gew\u00e4hr \u00fcbernehmen. F\u00fcr die Inhalte der verlinkten Seiten ist stets der jeweilige Anbieter oder Betreiber der Seiten verant\u00adwortlich. Die verlinkten Seiten wurden zum Zeitpunkt der Verlinkung auf m\u00f6gliche Rechtsver\u00adst\u00f6\u00dfe \u00fcberpr\u00fcft. Rechtswidrige Inhalte waren zum Zeitpunkt der Verlinkung nicht erkennbar. Eine perma\u00adnente inhaltliche Kontrolle der verlinkten Seiten ist ohne konkrete Anhalt\u00adspunkte einer Rechtsver\u00adletzung nicht zumutbar. Bei Bekan\u00adntwerden von Rechtsver\u00adlet\u00adzungen werden wir derartige Links umgehend entfernen.<\/p><h4>Urheberrecht<\/h4><p>Die durch die Seiten\u00adbe\u00adtreiber erstellten Inhalte und Werke auf diesen Seiten unter\u00adliegen dem britischen Urheber\u00adrecht. Die Vervielf\u00e4l\u00adtigung, Bearbeitung, Verbre\u00aditung und jede Art der Verwertung au\u00dferhalb der Grenzen des Urheber\u00adrechtes bed\u00fcrfen der vorherigen schriftlichen Zustimmung des jeweiligen Autors bzw. Erstellers. Kopien und Downloads dieser Seite sind nur f\u00fcr den privaten, nicht kommerziellen Gebrauch gestattet. Die Urheber\u00adrechte Dritter werden beachtet. Sollten Sie dennoch auf eine Urheber\u00adrechtsver\u00adletzung aufmerksam werden, bitten wir um einen entsprechenden Hinweis. Bei Bekan\u00adntwerden von Rechtsver\u00adlet\u00adzungen werden wir derartige Inhalte umgehend entfernen.<\/p><h4>Urheberrechte und Fotos<\/h4><p>Die verwen\u00addeten Fotografien sind durch das britische Urheber\u00adrecht gesch\u00fctzt. Der Fotograf als Urheber hat das Recht, im Falle von Urheber\u00adrechtsver\u00adlet\u00adzungen Anspr\u00fcche auf Entfernung, Unter\u00adlassung, Schaden\u00adersatz und Auskunft gem\u00e4\u00df den britischen Urheber\u00adrechts\u00adge\u00adsetzen geltend zu machen.<\/p><h4>Nutzung von Bildern und Videos<\/h4><p>Die verwen\u00addeten Bilder und Videos sind unter Lizenzbe\u00addin\u00adgungen verf\u00fcgbar, die ihre freie Nutzung f\u00fcr kommerzielle und nicht-kommerzielle Zwecke erlauben, ohne dass eine Quellenangabe erforderlich ist. Dies erlaubt jedoch nicht den Verkauf oder die Verbre\u00aditung der Bilder oder Videos in digitaler Form, noch deren Nutzung in einer Weise, die identi\u00adfizierbare Personen in herab\u00adw\u00fcrdi\u00adgender Weise darstellt oder die Zustimmung zu Produkten suggeriert, ohne Erlaubnis. Nutzer m\u00fcssen sicher\u00adstellen, dass Rechte Dritter wie Marken\u00adrechte, Urheber\u00adrechte und Pers\u00f6n\u00adlichkeit\u00adsrechte bei der Verwendung von Inhalten in kommerziellen Einstel\u00adlungen beachtet werden.<\/p><\/div><\/div>\t\t\t\t\t\t\t\t<\/div>\n\t\t\t\t<\/div>\n\t\t\t\t\t<\/div>\n\t\t<\/div>\n\t\t\t\t\t<\/div>\n\t\t<\/section>\n\t\t\t\t<\/div>\n\t\t","protected":false},"excerpt":{"rendered":"<p>Impressum Verant\u00adwortlich f\u00fcr den Inhalt: Brannon Ltd.Kontakt: hello@brannon.eu AnschriftBank House, Judes Road,Egham TW20 0DF, UK Rechtlich\u00adesIn\u00adhaber: Brannon Ltd.HR Nummer: 15828489Steuer\u00adnummer: (UTR) 22538 12367 Brannon Ltd. ist eine in Gro\u00dfbri\u00adtannien registrierte Kapitalge\u00adsellschaft.Firmen\u00adreg\u00adistrierungsnummer: 15828489 \u2013 Einzi\u00adgartige Steuerzahler\u00adref\u00aderenz (UTR) 22538 12367Registri\u00aderter Firmen- und Gesch\u00e4ftssitz von Brannon Ltd.: Bank House, Judes Road, Egham TW20 0DF, UK Haftung f\u00fcr Inhalte [\u2026]<\/p>\n","protected":false},"author":1,"featured_media":0,"parent":0,"menu_order":0,"comment_status":"closed","ping_status":"closed","template":"","meta":{"wp_typography_post_enhancements_disabled":false,"footnotes":"","_yoast_wpseo_focuskw":"","_yoast_wpseo_metadesc":"","_yoast_wpseo_linkdex":"","_yoast_wpseo_content_score":"","rank_math_focus_keyword":"","rank_math_description":"","rank_math_seo_score":""},"class_list":["post-1873","page","type-page","status-publish","hentry"],"_links":{"self":[{"href":"https:\/\/brannon.eu\/de\/wp-json\/wp\/v2\/pages\/1873","targetHints":{"allow":["GET"]}}],"collection":[{"href":"https:\/\/brannon.eu\/de\/wp-json\/wp\/v2\/pages"}],"about":[{"href":"https:\/\/brannon.eu\/de\/wp-json\/wp\/v2\/types\/page"}],"author":[{"embeddable":true,"href":"https:\/\/brannon.eu\/de\/wp-json\/wp\/v2\/users\/1"}],"replies":[{"embeddable":true,"href":"https:\/\/brannon.eu\/de\/wp-json\/wp\/v2\/comments?post=1873"}],"version-history":[{"count":6,"href":"https:\/\/brannon.eu\/de\/wp-json\/wp\/v2\/pages\/1873\/revisions"}],"predecessor-version":[{"id":12392,"href":"https:\/\/brannon.eu\/de\/wp-json\/wp\/v2\/pages\/1873\/revisions\/12392"}],"wp:attachment":[{"href":"https:\/\/brannon.eu\/de\/wp-json\/wp\/v2\/media?parent=1873"}],"curies":[{"name":"wp","href":"https:\/\/api.w.org\/{rel}","templated":true}]}}